{"id":5308,"date":"2026-03-11T07:49:17","date_gmt":"2026-03-11T07:49:17","guid":{"rendered":"https:\/\/diamondgrillz.eu\/product\/wholesale-wearable-infrared-light-therapy-boots-for-ankle-and-foot-pain-management\/"},"modified":"2026-03-11T07:49:17","modified_gmt":"2026-03-11T07:49:17","slug":"venta-al-mayor-botas-de-terapia-con-luz-infrarroja-para-el-tratamiento-del-dolor-de-tobillos-y-pies","status":"publish","type":"product","link":"https:\/\/diamondgrillz.eu\/es\/product\/venta-al-mayor-botas-de-terapia-con-luz-infrarroja-para-el-tratamiento-del-dolor-de-tobillos-y-pies\/","title":{"rendered":"Venta al por mayor Botas de terapia con luz infrarroja para el tratamiento del dolor de tobillos y pies"},"content":{"rendered":"<h1 data-path-to-node=\"2\">Gu\u00eda B2B para la compra de zapatillas avanzadas de terapia con luz roja (con certificaci\u00f3n CE y DDP)<\/h1>\n<p data-path-to-node=\"3\">El mercado mundial de la tecnolog\u00eda de la salud y el bienestar est\u00e1 experimentando una enorme transformaci\u00f3n. A medida que los consumidores buscan cada vez m\u00e1s soluciones no invasivas y sin f\u00e1rmacos para el tratamiento del dolor y la recuperaci\u00f3n, la fotobiomodulaci\u00f3n (PBM) -com\u00fanmente conocida como terapia de luz roja- ha pasado de los entornos cl\u00ednicos de alta gama directamente a los hogares de los consumidores. Para los distribuidores, los propietarios de marcas de comercio electr\u00f3nico y los compradores cl\u00ednicos que preparan sus previsiones de ventas para 2026, el reto ya no consiste en introducir el concepto de fototerapia, sino en ofrecer sistemas de administraci\u00f3n innovadores y muy pr\u00e1cticos.<\/p>\n<p data-path-to-node=\"4\">Presentamos las zapatillas inal\u00e1mbricas avanzadas para terapia con luz roja. Este producto representa un cambio de paradigma en la aplicaci\u00f3n de la fotobiomodulaci\u00f3n a la compleja anatom\u00eda del pie humano. Al combinar la ingenier\u00eda \u00f3ptica de grado m\u00e9dico con la comodidad del calzado ortop\u00e9dico, este producto ofrece una oportunidad muy lucrativa para los compradores B2B que buscan ampliar sus carteras de bienestar.<\/p>\n<p data-path-to-node=\"5\">Esta completa gu\u00eda explora la viabilidad comercial, la supremac\u00eda tecnol\u00f3gica, las normas de cumplimiento (CE) y las ventajas log\u00edsticas (DDP) de abastecerse de este dispositivo terap\u00e9utico port\u00e1til de \u00faltima generaci\u00f3n.<\/p>\n<h3 data-path-to-node=\"6\">1. La oportunidad de mercado: \u00bfpor qu\u00e9 la terapia port\u00e1til para los pies?<\/h3>\n<p data-path-to-node=\"7\">El pie es una de las estructuras m\u00e1s complejas del cuerpo humano, con 26 huesos, 33 articulaciones y m\u00e1s de 100 m\u00fasculos, tendones y ligamentos. Soporta el peso de nuestras actividades diarias, lo que hace que el dolor de pies, la fascitis plantar, la neuropat\u00eda y la mala circulaci\u00f3n sean problemas omnipresentes en m\u00faltiples grupos demogr\u00e1ficos.<\/p>\n<p data-path-to-node=\"8\">Los paneles tradicionales de fototerapia con luz roja obligan al usuario a sentarse perfectamente inm\u00f3vil, manteniendo el pie en un \u00e1ngulo inc\u00f3modo para garantizar una exposici\u00f3n \u00f3ptima a la luz. La zapatilla terap\u00e9utica port\u00e1til resuelve este punto de fricci\u00f3n al instante. Al envolver el pie en un dise\u00f1o ergon\u00f3mico en 3D, el usuario recibe una fototerapia dirigida y de proximidad, al tiempo que mantiene la libertad de relajarse.<\/p>\n<p data-path-to-node=\"9\">Para las marcas que aprovechan las plataformas B2B globales y las amplias redes de marketing de afiliaci\u00f3n en Europa, Jap\u00f3n, Corea y Norteam\u00e9rica, este producto tiene una incre\u00edble capacidad de conversi\u00f3n. Su atractivo visual, facilidad de uso y valor percibido inmediato lo convierten en un producto de anclaje ideal para cualquier campa\u00f1a de marketing digital centrada en la salud. Atrae por igual a la poblaci\u00f3n de edad avanzada que busca alivio para las articulaciones, a los atletas que necesitan una recuperaci\u00f3n muscular r\u00e1pida y a los oficinistas que combaten la fatiga diaria de los pies.<\/p>\n<h3 data-path-to-node=\"10\">2. Supremac\u00eda tecnol\u00f3gica: la anatom\u00eda de un dispositivo de gama alta<\/h3>\n<p data-path-to-node=\"11\">A la hora de adquirir un dispositivo de fotobiomodulaci\u00f3n, el valor fundamental reside por completo en el sistema de suministro \u00f3ptico y en la experiencia del usuario. Los productos m\u00e1s baratos e inferiores inundan el mercado con LED de baja potencia y longitudes de onda imprecisas, que no producen resultados cl\u00ednicos y dan lugar a elevadas tasas de devoluci\u00f3n. Esta zapatilla terap\u00e9utica se ha dise\u00f1ado con un est\u00e1ndar completamente diferente.<\/p>\n<p data-path-to-node=\"12\"><b data-path-to-node=\"12\" data-index-in-node=\"0\">Arquitectura LED de 3 n\u00facleos en 1 (660 nm y 850 nm)<\/b> La eficacia terap\u00e9utica de este dispositivo se debe a su configuraci\u00f3n LED patentada. Utilizando LED SMD 5050 de alta calidad, la zapatilla cuenta con 90 diodos individuales. Sin embargo, cada diodo es una central el\u00e9ctrica de \u00ab3 n\u00facleos en 1\u00bb, que contiene dos chips de 660 nm (luz roja) y un chip de 850 nm (luz casi infrarroja).<\/p>\n<ul data-path-to-node=\"13\">\n<li>\n<p data-path-to-node=\"13,0,0\"><b data-path-to-node=\"13,0,0\" data-index-in-node=\"0\">Luz roja de 660 nm:<\/b> Absorbida r\u00e1pidamente por la piel y los tejidos superficiales, esta longitud de onda favorece una mayor renovaci\u00f3n celular, una cicatrizaci\u00f3n m\u00e1s r\u00e1pida de las heridas y estimula la producci\u00f3n de col\u00e1geno. Es muy eficaz para la inflamaci\u00f3n a nivel superficial y la salud de la piel.<\/p>\n<\/li>\n<li>\n<p data-path-to-node=\"13,1,0\"><b data-path-to-node=\"13,1,0\" data-index-in-node=\"0\">Luz infrarroja cercana de 850 nm:<\/b> Esta longitud de onda invisible penetra profundamente en las capas subcut\u00e1neas, llegando a m\u00fasculos, tendones, ligamentos y huesos. Es el motor principal para aliviar el dolor articular profundo, mitigar la neuropat\u00eda y acelerar la reparaci\u00f3n de microdesgarros en la fascia plantar.<\/p>\n<\/li>\n<\/ul>\n<p data-path-to-node=\"14\">Al combinar estas longitudes de onda en un \u00fanico chip SMD, el dispositivo garantiza que cada mil\u00edmetro cuadrado de la zona tratada reciba una dosis sin\u00e9rgica perfectamente equilibrada de fototerapia superficial y de penetraci\u00f3n profunda.<\/p>\n<p data-path-to-node=\"15\"><b data-path-to-node=\"15\" data-index-in-node=\"0\">Emisi\u00f3n de voz inteligente: lo \u00faltimo en accesibilidad<\/b> Un obst\u00e1culo importante para la adopci\u00f3n de dispositivos m\u00e9dicos, sobre todo entre la poblaci\u00f3n de edad avanzada, es la complejidad de su manejo. Esta zapatilla elimina por completo esa barrera con un sistema inteligente de transmisi\u00f3n de voz incorporado. En lugar de entrecerrar los ojos ante diminutas pantallas LED o descifrar complejos manuales, los usuarios son guiados mediante claras indicaciones de voz.<\/p>\n<p data-path-to-node=\"16\">Desde el punto de vista de la localizaci\u00f3n B2B, este sistema de voz es una gran ventaja. El firmware puede personalizarse para emitir en varios idiomas (ingl\u00e9s, alem\u00e1n, franc\u00e9s, espa\u00f1ol, japon\u00e9s, coreano, \u00e1rabe y ruso), lo que permite a los distribuidores internacionales adaptar perfectamente el producto a sus mercados regionales espec\u00edficos sin alterar el hardware f\u00edsico.<\/p>\n<p data-path-to-node=\"17\"><b data-path-to-node=\"17\" data-index-in-node=\"0\">Libertad inal\u00e1mbrica y potencia de alta capacidad<\/b> Equipada con una robusta bater\u00eda de litio de 3000 mAh y un moderno puerto de carga Type-C, la zapatilla ofrece aut\u00e9ntica movilidad. Los usuarios no est\u00e1n atados a enchufes de pared. Este dispositivo de 12 W proporciona una irradiaci\u00f3n de grado cl\u00ednico al tiempo que permite al usuario leer, trabajar en su escritorio o descansar en cualquier lugar de su casa de forma segura. La eliminaci\u00f3n de los cables de alimentaci\u00f3n tambi\u00e9n reduce considerablemente el riesgo de tropiezos, un argumento de venta fundamental para los mercados de atenci\u00f3n a personas mayores.<\/p>\n<p data-path-to-node=\"18\"><b data-path-to-node=\"18\" data-index-in-node=\"0\">Materiales ortop\u00e9dicos: Neopreno e imitaci\u00f3n de tela OK<\/b> El chasis exterior de la zapatilla est\u00e1 fabricado con una mezcla de primera calidad de neopreno (muy utilizado en los trajes de buceo profesionales) e imitaci\u00f3n de tela OK. Esta combinaci\u00f3n proporciona una durabilidad excepcional, retenci\u00f3n t\u00e9rmica para captar el calor suave y relajante de los LED, y la m\u00e1xima flexibilidad. Acompa\u00f1ado de una ancha correa de velcro, se ajusta f\u00e1cilmente para adaptarse a diferentes anchos de pie y condiciones como el edema (hinchaz\u00f3n).<\/p>\n<h3 data-path-to-node=\"19\">3. Mitigaci\u00f3n de riesgos: la importancia cr\u00edtica de la certificaci\u00f3n CE y RoHS<\/h3>\n<p data-path-to-node=\"20\">Para un comprador B2B, importar dispositivos electr\u00f3nicos de bienestar no certificados es un riesgo catastr\u00f3fico. Las incautaciones aduaneras, las prohibiciones de plataformas (como en Amazon) y las demandas por responsabilidad de los consumidores pueden destruir una marca de la noche a la ma\u00f1ana.<\/p>\n<p data-path-to-node=\"21\">Esta zapatilla de terapia de luz roja cumple estrictamente las normas internacionales de seguridad y medio ambiente, lo que proporciona a los compradores una total tranquilidad.<\/p>\n<ul data-path-to-node=\"22\">\n<li>\n<p data-path-to-node=\"22,0,0\"><b data-path-to-node=\"22,0,0\" data-index-in-node=\"0\">Certificaci\u00f3n CE (Conformit\u00e9 Europ\u00e9enne):<\/b> Este producto cuenta con una marca CE v\u00e1lida, lo que significa que ha sido sometido a rigurosas pruebas y cumple plenamente las estrictas directivas de la Uni\u00f3n Europea en materia de salud, seguridad y protecci\u00f3n del medio ambiente. Tanto si distribuye en Alemania, Francia o el Reino Unido como si utiliza la marca CE como est\u00e1ndar global de calidad en otras regiones, esta certificaci\u00f3n garantiza que los componentes el\u00e9ctricos, la seguridad de las bater\u00edas y la compatibilidad electromagn\u00e9tica (CEM) cumplen los umbrales legales m\u00e1s estrictos.<\/p>\n<\/li>\n<li>\n<p data-path-to-node=\"22,1,0\"><b data-path-to-node=\"22,1,0\" data-index-in-node=\"0\">Conformidad con RoHS (Restricci\u00f3n de sustancias peligrosas):<\/b> Los materiales y los circuitos impresos flexibles (FPC) de las zapatillas se fabrican totalmente libres de metales pesados peligrosos como el plomo, el mercurio y el cadmio. Esto no solo protege al usuario final, sino que garantiza una importaci\u00f3n sin problemas a mercados ecoconscientes estrictamente regulados.<\/p>\n<\/li>\n<\/ul>\n<h3 data-path-to-node=\"23\">4. Eficiencia de la cadena de suministro: maximizar los m\u00e1rgenes con la log\u00edstica DDP<\/h3>\n<p data-path-to-node=\"24\">El coste total en destino de un producto es tan importante como el precio unitario de f\u00e1brica. El transporte internacional, los tr\u00e1mites aduaneros, los derechos de importaci\u00f3n y las tasas portuarias pueden ser incre\u00edblemente complejos e impredecibles y mermar r\u00e1pidamente los m\u00e1rgenes de beneficio de un distribuidor.<\/p>\n<p data-path-to-node=\"25\">Para agilizar el proceso de adquisici\u00f3n y ofrecer una comodidad sin igual, ofrecemos <b data-path-to-node=\"25\" data-index-in-node=\"83\">DDP (Entregado derechos pagados)<\/b> condiciones de env\u00edo.<\/p>\n<p data-path-to-node=\"26\">Bajo los t\u00e9rminos de DDP, el fabricante asume toda la responsabilidad, el riesgo y los costes asociados con el transporte de las mercanc\u00edas hasta que se reciben de forma segura en su instalaci\u00f3n de destino designada (ya sea un almac\u00e9n 3PL, un centro de Amazon FBA o su propia sede corporativa).<\/p>\n<ul data-path-to-node=\"27\">\n<li>\n<p data-path-to-node=\"27,0,0\"><b data-path-to-node=\"27,0,0\" data-index-in-node=\"0\">Retorno de la inversi\u00f3n predecible:<\/b> Con DDP, el precio que le cotizan es el precio final que paga. No hay facturas de aduanas sorpresa ni tasas de almacenamiento portuario inesperadas. Esto le permite calcular sus m\u00e1rgenes de venta al por menor con absoluta precisi\u00f3n.<\/p>\n<\/li>\n<li>\n<p data-path-to-node=\"27,1,0\"><b data-path-to-node=\"27,1,0\" data-index-in-node=\"0\">Cero fricci\u00f3n aduanera:<\/b> No necesita contratar a un agente de aduanas ni preocuparse de complejos tr\u00e1mites de importaci\u00f3n. Nosotros nos encargamos de todos los tr\u00e1mites de exportaci\u00f3n e importaci\u00f3n, pagando todos los aranceles e impuestos aplicables en su nombre.<\/p>\n<\/li>\n<li>\n<p data-path-to-node=\"27,2,0\"><b data-path-to-node=\"27,2,0\" data-index-in-node=\"0\">Tiempo de comercializaci\u00f3n m\u00e1s r\u00e1pido:<\/b> Al utilizar canales log\u00edsticos establecidos y optimizados, los env\u00edos DDP suelen pasar la aduana mucho m\u00e1s r\u00e1pido que los env\u00edos FOB o EXW est\u00e1ndar, lo que garantiza que su inventario se reponga exactamente cuando lo necesita.<\/p>\n<\/li>\n<\/ul>\n<h3 data-path-to-node=\"28\">5. Conclusi\u00f3n: una soluci\u00f3n llave en mano para las marcas de bienestar<\/h3>\n<p data-path-to-node=\"29\">La zapatilla inal\u00e1mbrica avanzada de fototerapia con luz roja no es s\u00f3lo un producto; es una soluci\u00f3n empresarial completa y escalable. Con su vanguardista tecnolog\u00eda \u00f3ptica de 3 n\u00facleos, su accesibilidad por voz en varios idiomas y su construcci\u00f3n ortop\u00e9dica de primera calidad, supera con creces a los paneles de fototerapia est\u00e1ndar.<\/p>\n<p data-path-to-node=\"30\">Respaldado por las rigurosas certificaciones CE y RoHS, y con el apoyo de la log\u00edstica DDP sin complicaciones, este producto permite a los compradores B2B ampliar con confianza sus ofertas de bienestar a nivel mundial. Tanto si busca un producto de marca blanca fiable para lanzarlo inmediatamente como si necesita una personalizaci\u00f3n OEM profunda para su marca establecida, estas zapatillas terap\u00e9uticas representan el futuro de la fotobiomodulaci\u00f3n dirigida.<\/p>","protected":false},"excerpt":{"rendered":"<p>The B2B Guide to Sourcing Advanced Red Light Therapy Slippers (CE Certified &amp; DDP Available) The global health and wellness technology market is undergoing a massive transformation. As consumers increasingly seek out non-invasive, drug-free solutions for pain management and recovery, photobiomodulation (PBM)\u2014commonly known as red light therapy\u2014has transitioned from high-end clinical settings directly into the&#8230;<\/p>","protected":false},"featured_media":5307,"comment_status":"open","ping_status":"closed","template":"","meta":{"_kad_post_transparent":"","_kad_post_title":"","_kad_post_layout":"","_kad_post_sidebar_id":"","_kad_post_content_style":"","_kad_post_vertical_padding":"","_kad_post_feature":"","_kad_post_feature_position":"","_kad_post_header":false,"_kad_post_footer":false,"_kad_post_classname":""},"product_brand":[],"product_cat":[],"product_tag":[],"class_list":{"0":"post-5308","1":"product","2":"type-product","3":"status-publish","4":"has-post-thumbnail","7":"first","8":"instock","9":"shipping-taxable","10":"purchasable","11":"product-type-simple","12":"entry","13":"content-bg","14":"loop-entry"},"yoast_head":"<!-- This site is optimized with the Yoast SEO plugin v26.6 - https:\/\/yoast.com\/wordpress\/plugins\/seo\/ -->\n<title>Wholesale Wearable Infrared Light Therapy Boots for Ankle and Foot Pain Management - LED Therapy Mask Distributor,Beauty Equipment Dealers and Retailers<\/title>\n<meta name=\"robots\" content=\"index, follow, max-snippet:-1, max-image-preview:large, max-video-preview:-1\" \/>\n<link rel=\"canonical\" href=\"https:\/\/diamondgrillz.eu\/es\/product\/venta-al-mayor-botas-de-terapia-con-luz-infrarroja-para-el-tratamiento-del-dolor-de-tobillos-y-pies\/\" \/>\n<meta property=\"og:locale\" content=\"es_ES\" \/>\n<meta property=\"og:type\" content=\"article\" \/>\n<meta property=\"og:title\" content=\"Wholesale Wearable Infrared Light Therapy Boots for Ankle and Foot Pain Management - LED Therapy Mask Distributor,Beauty Equipment Dealers and Retailers\" \/>\n<meta property=\"og:description\" content=\"The B2B Guide to Sourcing Advanced Red Light Therapy Slippers (CE Certified &amp; DDP Available) The global health and wellness technology market is undergoing a massive transformation. As consumers increasingly seek out non-invasive, drug-free solutions for pain management and recovery, photobiomodulation (PBM)\u2014commonly known as red light therapy\u2014has transitioned from high-end clinical settings directly into the...\" \/>\n<meta property=\"og:url\" content=\"https:\/\/diamondgrillz.eu\/es\/product\/venta-al-mayor-botas-de-terapia-con-luz-infrarroja-para-el-tratamiento-del-dolor-de-tobillos-y-pies\/\" \/>\n<meta property=\"og:site_name\" content=\"LED Mask Wholesale Supplier\" \/>\n<meta name=\"twitter:card\" content=\"summary_large_image\" \/>\n<meta name=\"twitter:label1\" content=\"Tiempo de lectura\" \/>\n\t<meta name=\"twitter:data1\" content=\"6 minutos\" \/>\n<script type=\"application\/ld+json\" class=\"yoast-schema-graph\">{\"@context\":\"https:\/\/schema.org\",\"@graph\":[{\"@type\":\"WebPage\",\"@id\":\"https:\/\/diamondgrillz.eu\/product\/wholesale-wearable-infrared-light-therapy-boots-for-ankle-and-foot-pain-management\/\",\"url\":\"https:\/\/diamondgrillz.eu\/product\/wholesale-wearable-infrared-light-therapy-boots-for-ankle-and-foot-pain-management\/\",\"name\":\"Wholesale Wearable Infrared Light Therapy Boots for Ankle and Foot Pain Management - LED Therapy Mask Distributor,Beauty Equipment Dealers and Retailers\",\"isPartOf\":{\"@id\":\"https:\/\/diamondgrillz.eu\/#website\"},\"primaryImageOfPage\":{\"@id\":\"https:\/\/diamondgrillz.eu\/product\/wholesale-wearable-infrared-light-therapy-boots-for-ankle-and-foot-pain-management\/#primaryimage\"},\"image\":{\"@id\":\"https:\/\/diamondgrillz.eu\/product\/wholesale-wearable-infrared-light-therapy-boots-for-ankle-and-foot-pain-management\/#primaryimage\"},\"thumbnailUrl\":\"https:\/\/diamondgrillz.eu\/wp-content\/uploads\/2026\/03\/0BA843BAD36B3341B790371EC12CC30F.jpg\",\"datePublished\":\"2026-03-11T07:49:17+00:00\",\"breadcrumb\":{\"@id\":\"https:\/\/diamondgrillz.eu\/product\/wholesale-wearable-infrared-light-therapy-boots-for-ankle-and-foot-pain-management\/#breadcrumb\"},\"inLanguage\":\"es\",\"potentialAction\":[{\"@type\":\"ReadAction\",\"target\":[\"https:\/\/diamondgrillz.eu\/product\/wholesale-wearable-infrared-light-therapy-boots-for-ankle-and-foot-pain-management\/\"]}]},{\"@type\":\"ImageObject\",\"inLanguage\":\"es\",\"@id\":\"https:\/\/diamondgrillz.eu\/product\/wholesale-wearable-infrared-light-therapy-boots-for-ankle-and-foot-pain-management\/#primaryimage\",\"url\":\"https:\/\/diamondgrillz.eu\/wp-content\/uploads\/2026\/03\/0BA843BAD36B3341B790371EC12CC30F.jpg\",\"contentUrl\":\"https:\/\/diamondgrillz.eu\/wp-content\/uploads\/2026\/03\/0BA843BAD36B3341B790371EC12CC30F.jpg\",\"width\":1433,\"height\":1433},{\"@type\":\"BreadcrumbList\",\"@id\":\"https:\/\/diamondgrillz.eu\/product\/wholesale-wearable-infrared-light-therapy-boots-for-ankle-and-foot-pain-management\/#breadcrumb\",\"itemListElement\":[{\"@type\":\"ListItem\",\"position\":1,\"name\":\"Home\",\"item\":\"https:\/\/diamondgrillz.eu\/\"},{\"@type\":\"ListItem\",\"position\":2,\"name\":\"Shop\",\"item\":\"https:\/\/diamondgrillz.eu\/\"},{\"@type\":\"ListItem\",\"position\":3,\"name\":\"Wholesale Wearable Infrared Light Therapy Boots for Ankle and Foot Pain Management\"}]},{\"@type\":\"WebSite\",\"@id\":\"https:\/\/diamondgrillz.eu\/#website\",\"url\":\"https:\/\/diamondgrillz.eu\/\",\"name\":\"LED Mask Wholesale Supplier\",\"description\":\"LED Therapy Mask Distributor,Beauty Equipment Dealers and Retailers\",\"potentialAction\":[{\"@type\":\"SearchAction\",\"target\":{\"@type\":\"EntryPoint\",\"urlTemplate\":\"https:\/\/diamondgrillz.eu\/?s={search_term_string}\"},\"query-input\":{\"@type\":\"PropertyValueSpecification\",\"valueRequired\":true,\"valueName\":\"search_term_string\"}}],\"inLanguage\":\"es\"}]}<\/script>\n<!-- \/ Yoast SEO plugin. -->","yoast_head_json":{"title":"Mayorista Botas de Terapia con Luz Infrarroja para el Tratamiento del Dolor de Tobillo y Pie - Distribuidor de Mascarillas de Terapia LED,Distribuidores y Minoristas de Equipos de Belleza","robots":{"index":"index","follow":"follow","max-snippet":"max-snippet:-1","max-image-preview":"max-image-preview:large","max-video-preview":"max-video-preview:-1"},"canonical":"https:\/\/diamondgrillz.eu\/es\/product\/venta-al-mayor-botas-de-terapia-con-luz-infrarroja-para-el-tratamiento-del-dolor-de-tobillos-y-pies\/","og_locale":"es_ES","og_type":"article","og_title":"Wholesale Wearable Infrared Light Therapy Boots for Ankle and Foot Pain Management - LED Therapy Mask Distributor,Beauty Equipment Dealers and Retailers","og_description":"The B2B Guide to Sourcing Advanced Red Light Therapy Slippers (CE Certified &amp; DDP Available) The global health and wellness technology market is undergoing a massive transformation. As consumers increasingly seek out non-invasive, drug-free solutions for pain management and recovery, photobiomodulation (PBM)\u2014commonly known as red light therapy\u2014has transitioned from high-end clinical settings directly into the...","og_url":"https:\/\/diamondgrillz.eu\/es\/product\/venta-al-mayor-botas-de-terapia-con-luz-infrarroja-para-el-tratamiento-del-dolor-de-tobillos-y-pies\/","og_site_name":"LED Mask Wholesale Supplier","twitter_card":"summary_large_image","twitter_misc":{"Tiempo de lectura":"6 minutos"},"schema":{"@context":"https:\/\/schema.org","@graph":[{"@type":"WebPage","@id":"https:\/\/diamondgrillz.eu\/product\/wholesale-wearable-infrared-light-therapy-boots-for-ankle-and-foot-pain-management\/","url":"https:\/\/diamondgrillz.eu\/product\/wholesale-wearable-infrared-light-therapy-boots-for-ankle-and-foot-pain-management\/","name":"Mayorista Botas de Terapia con Luz Infrarroja para el Tratamiento del Dolor de Tobillo y Pie - Distribuidor de Mascarillas de Terapia LED,Distribuidores y Minoristas de Equipos de Belleza","isPartOf":{"@id":"https:\/\/diamondgrillz.eu\/#website"},"primaryImageOfPage":{"@id":"https:\/\/diamondgrillz.eu\/product\/wholesale-wearable-infrared-light-therapy-boots-for-ankle-and-foot-pain-management\/#primaryimage"},"image":{"@id":"https:\/\/diamondgrillz.eu\/product\/wholesale-wearable-infrared-light-therapy-boots-for-ankle-and-foot-pain-management\/#primaryimage"},"thumbnailUrl":"https:\/\/diamondgrillz.eu\/wp-content\/uploads\/2026\/03\/0BA843BAD36B3341B790371EC12CC30F.jpg","datePublished":"2026-03-11T07:49:17+00:00","breadcrumb":{"@id":"https:\/\/diamondgrillz.eu\/product\/wholesale-wearable-infrared-light-therapy-boots-for-ankle-and-foot-pain-management\/#breadcrumb"},"inLanguage":"es","potentialAction":[{"@type":"ReadAction","target":["https:\/\/diamondgrillz.eu\/product\/wholesale-wearable-infrared-light-therapy-boots-for-ankle-and-foot-pain-management\/"]}]},{"@type":"ImageObject","inLanguage":"es","@id":"https:\/\/diamondgrillz.eu\/product\/wholesale-wearable-infrared-light-therapy-boots-for-ankle-and-foot-pain-management\/#primaryimage","url":"https:\/\/diamondgrillz.eu\/wp-content\/uploads\/2026\/03\/0BA843BAD36B3341B790371EC12CC30F.jpg","contentUrl":"https:\/\/diamondgrillz.eu\/wp-content\/uploads\/2026\/03\/0BA843BAD36B3341B790371EC12CC30F.jpg","width":1433,"height":1433},{"@type":"BreadcrumbList","@id":"https:\/\/diamondgrillz.eu\/product\/wholesale-wearable-infrared-light-therapy-boots-for-ankle-and-foot-pain-management\/#breadcrumb","itemListElement":[{"@type":"ListItem","position":1,"name":"Home","item":"https:\/\/diamondgrillz.eu\/"},{"@type":"ListItem","position":2,"name":"Shop","item":"https:\/\/diamondgrillz.eu\/"},{"@type":"ListItem","position":3,"name":"Wholesale Wearable Infrared Light Therapy Boots for Ankle and Foot Pain Management"}]},{"@type":"WebSite","@id":"https:\/\/diamondgrillz.eu\/#website","url":"https:\/\/diamondgrillz.eu\/","name":"Proveedor al por mayor de m\u00e1scaras LED","description":"Distribuidor de mascarillas de terapia LED,Distribuidores y minoristas de equipos de belleza","potentialAction":[{"@type":"SearchAction","target":{"@type":"EntryPoint","urlTemplate":"https:\/\/diamondgrillz.eu\/?s={search_term_string}"},"query-input":{"@type":"PropertyValueSpecification","valueRequired":true,"valueName":"search_term_string"}}],"inLanguage":"es"}]}},"_links":{"self":[{"href":"https:\/\/diamondgrillz.eu\/es\/wp-json\/wp\/v2\/product\/5308","targetHints":{"allow":["GET"]}}],"collection":[{"href":"https:\/\/diamondgrillz.eu\/es\/wp-json\/wp\/v2\/product"}],"about":[{"href":"https:\/\/diamondgrillz.eu\/es\/wp-json\/wp\/v2\/types\/product"}],"replies":[{"embeddable":true,"href":"https:\/\/diamondgrillz.eu\/es\/wp-json\/wp\/v2\/comments?post=5308"}],"wp:featuredmedia":[{"embeddable":true,"href":"https:\/\/diamondgrillz.eu\/es\/wp-json\/wp\/v2\/media\/5307"}],"wp:attachment":[{"href":"https:\/\/diamondgrillz.eu\/es\/wp-json\/wp\/v2\/media?parent=5308"}],"wp:term":[{"taxonomy":"product_brand","embeddable":true,"href":"https:\/\/diamondgrillz.eu\/es\/wp-json\/wp\/v2\/product_brand?post=5308"},{"taxonomy":"product_cat","embeddable":true,"href":"https:\/\/diamondgrillz.eu\/es\/wp-json\/wp\/v2\/product_cat?post=5308"},{"taxonomy":"product_tag","embeddable":true,"href":"https:\/\/diamondgrillz.eu\/es\/wp-json\/wp\/v2\/product_tag?post=5308"}],"curies":[{"name":"wp","href":"https:\/\/api.w.org\/{rel}","templated":true}]}}